{"id":43,"date":"2023-05-16T12:42:58","date_gmt":"2023-05-16T12:42:58","guid":{"rendered":"https:\/\/rakennusajalin.fi\/index.php\/home\/"},"modified":"2024-01-25T10:06:22","modified_gmt":"2024-01-25T10:06:22","slug":"etusivu","status":"publish","type":"page","link":"https:\/\/rakennusajalin.fi\/","title":{"rendered":"Etusivu"},"content":{"rendered":"\t\t<div data-elementor-type=\"wp-page\" data-elementor-id=\"43\" class=\"elementor elementor-43\">\n\t\t\t\t\t\t<section class=\"elementor-section elementor-top-section elementor-element elementor-element-5a53669d elementor-section-full_width elementor-section-height-min-height elementor-section-items-top elementor-section-content-middle elementor-section-height-default\" data-id=\"5a53669d\" data-element_type=\"section\" data-e-type=\"section\" data-settings=\"{&quot;background_background&quot;:&quot;classic&quot;}\">\n\t\t\t\t\t\t<div class=\"elementor-container elementor-column-gap-no\">\n\t\t\t\t\t<div class=\"elementor-column elementor-col-100 elementor-top-column elementor-element elementor-element-3c20530a\" data-id=\"3c20530a\" data-element_type=\"column\" data-e-type=\"column\">\n\t\t\t<div class=\"elementor-widget-wrap elementor-element-populated\">\n\t\t\t\t\t\t<div class=\"elementor-element elementor-element-445a55a3 elementor-invisible elementor-widget elementor-widget-heading\" data-id=\"445a55a3\" data-element_type=\"widget\" data-e-type=\"widget\" data-settings=\"{&quot;_animation&quot;:&quot;fadeInUp&quot;}\" data-widget_type=\"heading.default\">\n\t\t\t\t<div class=\"elementor-widget-container\">\n\t\t\t\t\t<h1 class=\"elementor-heading-title elementor-size-default\">Kotien ja toimitilojen<\/h1>\t\t\t\t<\/div>\n\t\t\t\t<\/div>\n\t\t\t\t<div class=\"elementor-element elementor-element-7c5b7df9 elementor-widget__width-auto elementor-widget elementor-widget-heading\" data-id=\"7c5b7df9\" data-element_type=\"widget\" data-e-type=\"widget\" data-widget_type=\"heading.default\">\n\t\t\t\t<div class=\"elementor-widget-container\">\n\t\t\t\t\t<h6 class=\"elementor-heading-title elementor-size-default\">luotettava rakentAja p\u00e4\u00e4kaupunkiseudulla<\/h6>\t\t\t\t<\/div>\n\t\t\t\t<\/div>\n\t\t\t\t\t<\/div>\n\t\t<\/div>\n\t\t\t\t\t<\/div>\n\t\t<\/section>\n\t\t\t\t<section class=\"elementor-section elementor-top-section elementor-element elementor-element-15de13c elementor-section-full_width elementor-section-height-min-height elementor-section-items-stretch elementor-section-height-default\" data-id=\"15de13c\" data-element_type=\"section\" data-e-type=\"section\">\n\t\t\t\t\t\t<div class=\"elementor-container elementor-column-gap-no\">\n\t\t\t\t\t<div class=\"elementor-column elementor-col-50 elementor-top-column elementor-element elementor-element-389b9b62\" data-id=\"389b9b62\" data-element_type=\"column\" data-e-type=\"column\" data-settings=\"{&quot;background_background&quot;:&quot;classic&quot;}\">\n\t\t\t<div class=\"elementor-widget-wrap elementor-element-populated\">\n\t\t\t\t\t\t<div class=\"elementor-element elementor-element-4395d6da elementor-widget elementor-widget-heading\" data-id=\"4395d6da\" data-element_type=\"widget\" data-e-type=\"widget\" data-widget_type=\"heading.default\">\n\t\t\t\t<div class=\"elementor-widget-container\">\n\t\t\t\t\t<h2 class=\"elementor-heading-title elementor-size-default\">Avaimet<\/h2>\t\t\t\t<\/div>\n\t\t\t\t<\/div>\n\t\t\t\t\t<\/div>\n\t\t<\/div>\n\t\t\t\t<div class=\"elementor-column elementor-col-50 elementor-top-column elementor-element elementor-element-61672366\" data-id=\"61672366\" data-element_type=\"column\" data-e-type=\"column\">\n\t\t\t<div class=\"elementor-widget-wrap elementor-element-populated\">\n\t\t\t\t\t\t<div class=\"elementor-element elementor-element-238b7c47 elementor-invisible elementor-widget elementor-widget-heading\" data-id=\"238b7c47\" data-element_type=\"widget\" data-e-type=\"widget\" data-settings=\"{&quot;_animation&quot;:&quot;fadeInLeft&quot;,&quot;_animation_mobile&quot;:&quot;fadeInDown&quot;}\" data-widget_type=\"heading.default\">\n\t\t\t\t<div class=\"elementor-widget-container\">\n\t\t\t\t\t<h2 class=\"elementor-heading-title elementor-size-default\">k\u00e4teen<\/h2>\t\t\t\t<\/div>\n\t\t\t\t<\/div>\n\t\t\t\t<section class=\"elementor-section elementor-inner-section elementor-element elementor-element-6363a97c elementor-section-full_width elementor-section-height-default elementor-section-height-default\" data-id=\"6363a97c\" data-element_type=\"section\" data-e-type=\"section\">\n\t\t\t\t\t\t<div class=\"elementor-container elementor-column-gap-no\">\n\t\t\t\t\t<div class=\"elementor-column elementor-col-100 elementor-inner-column elementor-element elementor-element-434223fd\" data-id=\"434223fd\" data-element_type=\"column\" data-e-type=\"column\">\n\t\t\t<div class=\"elementor-widget-wrap elementor-element-populated\">\n\t\t\t\t\t\t<div class=\"elementor-element elementor-element-4184a3aa elementor-widget elementor-widget-text-editor\" data-id=\"4184a3aa\" data-element_type=\"widget\" data-e-type=\"widget\" data-widget_type=\"text-editor.default\">\n\t\t\t\t<div class=\"elementor-widget-container\">\n\t\t\t\t\t\t\t\t\t<p>Palvelemme yksityisi\u00e4 rakennuttajia paikallisena osaurakoitsijana tai avaimet k\u00e4teen -sopimuksella, jolloin huolehdimme mm. tontinhankinnasta, yksil\u00f6llisest\u00e4 arkkitehtisuunnittelusta sek\u00e4 kaikista projektiin liittyvist\u00e4 viranomaisyhteyksist\u00e4 ja -asiakirjoista. Lupaamme, ett\u00e4 meid\u00e4n avullamme unelma uudesta kodista toteutuu turvallisesti, helposti ja tarkasti sovituin askelmerkein.<\/p>\t\t\t\t\t\t\t\t<\/div>\n\t\t\t\t<\/div>\n\t\t\t\t<div class=\"elementor-element elementor-element-69609154 elementor-widget elementor-widget-button\" data-id=\"69609154\" data-element_type=\"widget\" data-e-type=\"widget\" data-widget_type=\"button.default\">\n\t\t\t\t<div class=\"elementor-widget-container\">\n\t\t\t\t\t\t\t\t\t<div class=\"elementor-button-wrapper\">\n\t\t\t\t\t<a class=\"elementor-button elementor-button-link elementor-size-sm\" href=\"https:\/\/rakennusajalin.fi\/index.php\/meista\/\">\n\t\t\t\t\t\t<span class=\"elementor-button-content-wrapper\">\n\t\t\t\t\t\t\t\t\t<span class=\"elementor-button-text\">Meid\u00e4n tarina<\/span>\n\t\t\t\t\t<\/span>\n\t\t\t\t\t<\/a>\n\t\t\t\t<\/div>\n\t\t\t\t\t\t\t\t<\/div>\n\t\t\t\t<\/div>\n\t\t\t\t\t<\/div>\n\t\t<\/div>\n\t\t\t\t\t<\/div>\n\t\t<\/section>\n\t\t\t\t\t<\/div>\n\t\t<\/div>\n\t\t\t\t\t<\/div>\n\t\t<\/section>\n\t\t\t\t<section class=\"elementor-section elementor-top-section elementor-element elementor-element-4eecacf3 elementor-section-full_width elementor-section-content-middle elementor-reverse-tablet elementor-reverse-mobile elementor-section-height-default elementor-section-height-default\" data-id=\"4eecacf3\" data-element_type=\"section\" data-e-type=\"section\">\n\t\t\t\t\t\t<div class=\"elementor-container elementor-column-gap-no\">\n\t\t\t\t\t<div class=\"elementor-column elementor-col-50 elementor-top-column elementor-element elementor-element-89288de\" data-id=\"89288de\" data-element_type=\"column\" data-e-type=\"column\">\n\t\t\t<div class=\"elementor-widget-wrap elementor-element-populated\">\n\t\t\t\t\t\t<div class=\"elementor-element elementor-element-5742ff57 elementor-widget elementor-widget-heading\" data-id=\"5742ff57\" data-element_type=\"widget\" data-e-type=\"widget\" data-widget_type=\"heading.default\">\n\t\t\t\t<div class=\"elementor-widget-container\">\n\t\t\t\t\t<h6 class=\"elementor-heading-title elementor-size-default\">yhteisty\u00f6ss\u00e4<\/h6>\t\t\t\t<\/div>\n\t\t\t\t<\/div>\n\t\t\t\t<div class=\"elementor-element elementor-element-17145d5 elementor-widget elementor-widget-heading\" data-id=\"17145d5\" data-element_type=\"widget\" data-e-type=\"widget\" data-widget_type=\"heading.default\">\n\t\t\t\t<div class=\"elementor-widget-container\">\n\t\t\t\t\t<h2 class=\"elementor-heading-title elementor-size-default\">kumppanien kanssa<\/h2>\t\t\t\t<\/div>\n\t\t\t\t<\/div>\n\t\t\t\t<div class=\"elementor-element elementor-element-129e1099 elementor-widget elementor-widget-text-editor\" data-id=\"129e1099\" data-element_type=\"widget\" data-e-type=\"widget\" data-widget_type=\"text-editor.default\">\n\t\t\t\t<div class=\"elementor-widget-container\">\n\t\t\t\t\t\t\t\t\t<p>L\u00e4hes 40 vuoden aikana perheyrityksemme on rakentanut vankan yhteisty\u00f6verkoston alan parhaiden toimijoiden kanssa. Korkeaan laatuun sitoutuminen on kumppanuusverkostomme yhteinen arvo, jonka mukaisesti tarjoamme niin kodinostajille kuin toimitilarakennuttajillekin saumattomasti etenev\u00e4n hankkeen ja korkeatasoisen lopputuloksen. Luonnollisesti olemme mukana my\u00f6s tilaajavastuu.fi-rekisteriss\u00e4.<\/p>\t\t\t\t\t\t\t\t<\/div>\n\t\t\t\t<\/div>\n\t\t\t\t\t<\/div>\n\t\t<\/div>\n\t\t\t\t<div class=\"elementor-column elementor-col-50 elementor-top-column elementor-element elementor-element-76885274\" data-id=\"76885274\" data-element_type=\"column\" data-e-type=\"column\">\n\t\t\t<div class=\"elementor-widget-wrap elementor-element-populated\">\n\t\t\t\t\t\t<div class=\"elementor-element elementor-element-4ea1b240 elementor-widget__width-initial elementor-widget-tablet__width-initial animated-slow elementor-invisible elementor-widget elementor-widget-image\" data-id=\"4ea1b240\" data-element_type=\"widget\" data-e-type=\"widget\" data-settings=\"{&quot;_animation&quot;:&quot;fadeInUp&quot;}\" data-widget_type=\"image.default\">\n\t\t\t\t<div class=\"elementor-widget-container\">\n\t\t\t\t\t\t\t\t\t\t\t\t\t\t\t<img fetchpriority=\"high\" decoding=\"async\" width=\"1365\" height=\"2048\" src=\"https:\/\/rakennusajalin.fi\/wp-content\/uploads\/2023\/05\/Prime-House-Sinitiaisentie-9.jpg\" class=\"attachment-full size-full wp-image-67\" alt=\"\" srcset=\"https:\/\/rakennusajalin.fi\/wp-content\/uploads\/2023\/05\/Prime-House-Sinitiaisentie-9.jpg 1365w, https:\/\/rakennusajalin.fi\/wp-content\/uploads\/2023\/05\/Prime-House-Sinitiaisentie-9-200x300.jpg 200w, https:\/\/rakennusajalin.fi\/wp-content\/uploads\/2023\/05\/Prime-House-Sinitiaisentie-9-683x1024.jpg 683w, https:\/\/rakennusajalin.fi\/wp-content\/uploads\/2023\/05\/Prime-House-Sinitiaisentie-9-768x1152.jpg 768w, https:\/\/rakennusajalin.fi\/wp-content\/uploads\/2023\/05\/Prime-House-Sinitiaisentie-9-1024x1536.jpg 1024w\" sizes=\"(max-width: 1365px) 100vw, 1365px\" \/>\t\t\t\t\t\t\t\t\t\t\t\t\t\t\t<\/div>\n\t\t\t\t<\/div>\n\t\t\t\t<div class=\"elementor-element elementor-element-77897e86 elementor-widget__width-initial elementor-widget-tablet__width-initial elementor-widget-mobile__width-initial elementor-widget elementor-widget-image\" data-id=\"77897e86\" data-element_type=\"widget\" data-e-type=\"widget\" data-widget_type=\"image.default\">\n\t\t\t\t<div class=\"elementor-widget-container\">\n\t\t\t\t\t\t\t\t\t\t\t\t\t\t\t<img decoding=\"async\" width=\"1365\" height=\"2048\" src=\"https:\/\/rakennusajalin.fi\/wp-content\/uploads\/2023\/05\/Prime-House-Sinitiaisentie-6.jpg\" class=\"attachment-full size-full wp-image-68\" alt=\"\" srcset=\"https:\/\/rakennusajalin.fi\/wp-content\/uploads\/2023\/05\/Prime-House-Sinitiaisentie-6.jpg 1365w, https:\/\/rakennusajalin.fi\/wp-content\/uploads\/2023\/05\/Prime-House-Sinitiaisentie-6-200x300.jpg 200w, https:\/\/rakennusajalin.fi\/wp-content\/uploads\/2023\/05\/Prime-House-Sinitiaisentie-6-683x1024.jpg 683w, https:\/\/rakennusajalin.fi\/wp-content\/uploads\/2023\/05\/Prime-House-Sinitiaisentie-6-768x1152.jpg 768w, https:\/\/rakennusajalin.fi\/wp-content\/uploads\/2023\/05\/Prime-House-Sinitiaisentie-6-1024x1536.jpg 1024w\" sizes=\"(max-width: 1365px) 100vw, 1365px\" \/>\t\t\t\t\t\t\t\t\t\t\t\t\t\t\t<\/div>\n\t\t\t\t<\/div>\n\t\t\t\t\t<\/div>\n\t\t<\/div>\n\t\t\t\t\t<\/div>\n\t\t<\/section>\n\t\t\t\t<\/div>\n\t\t","protected":false},"excerpt":{"rendered":"<p>Kotien ja toimitilojen luotettava rakentAja p\u00e4\u00e4kaupunkiseudulla Avaimet k\u00e4teen Palvelemme yksityisi\u00e4 rakennuttajia paikallisena osaurakoitsijana tai avaimet k\u00e4teen -sopimuksella, jolloin huolehdimme mm. tontinhankinnasta, yksil\u00f6llisest\u00e4 arkkitehtisuunnittelusta sek\u00e4 kaikista projektiin liittyvist\u00e4 viranomaisyhteyksist\u00e4 ja -asiakirjoista. Lupaamme, ett\u00e4 meid\u00e4n avullamme unelma uudesta kodista toteutuu turvallisesti, helposti ja tarkasti sovituin askelmerkein. Meid\u00e4n tarina yhteisty\u00f6ss\u00e4 kumppanien kanssa L\u00e4hes 40 vuoden aikana perheyrityksemme on [&hellip;]<\/p>\n","protected":false},"author":1,"featured_media":0,"parent":0,"menu_order":0,"comment_status":"closed","ping_status":"closed","template":"","meta":{"footnotes":""},"class_list":["post-43","page","type-page","status-publish","hentry"],"_links":{"self":[{"href":"https:\/\/rakennusajalin.fi\/index.php\/wp-json\/wp\/v2\/pages\/43","targetHints":{"allow":["GET"]}}],"collection":[{"href":"https:\/\/rakennusajalin.fi\/index.php\/wp-json\/wp\/v2\/pages"}],"about":[{"href":"https:\/\/rakennusajalin.fi\/index.php\/wp-json\/wp\/v2\/types\/page"}],"author":[{"embeddable":true,"href":"https:\/\/rakennusajalin.fi\/index.php\/wp-json\/wp\/v2\/users\/1"}],"replies":[{"embeddable":true,"href":"https:\/\/rakennusajalin.fi\/index.php\/wp-json\/wp\/v2\/comments?post=43"}],"version-history":[{"count":32,"href":"https:\/\/rakennusajalin.fi\/index.php\/wp-json\/wp\/v2\/pages\/43\/revisions"}],"predecessor-version":[{"id":187,"href":"https:\/\/rakennusajalin.fi\/index.php\/wp-json\/wp\/v2\/pages\/43\/revisions\/187"}],"wp:attachment":[{"href":"https:\/\/rakennusajalin.fi\/index.php\/wp-json\/wp\/v2\/media?parent=43"}],"curies":[{"name":"wp","href":"https:\/\/api.w.org\/{rel}","templated":true}]}}